{"id":194,"date":"2025-05-10T17:25:42","date_gmt":"2025-05-10T17:25:42","guid":{"rendered":"https:\/\/smartbyte.hr\/?page_id=194"},"modified":"2025-05-13T16:03:25","modified_gmt":"2025-05-13T16:03:25","slug":"usluge","status":"publish","type":"page","link":"https:\/\/smartbyte.hr\/index.php\/usluge\/","title":{"rendered":"Usluge"},"content":{"rendered":"\t\t<div data-elementor-type=\"wp-page\" data-elementor-id=\"194\" class=\"elementor elementor-194\">\n\t\t\t\t<div class=\"elementor-element elementor-element-8005ca6 e-con-full e-grid e-con e-parent\" data-id=\"8005ca6\" data-element_type=\"container\" data-settings=\"{&quot;background_background&quot;:&quot;classic&quot;}\">\n\t\t\t\t<div class=\"elementor-element elementor-element-3992a99 elementor-widget elementor-widget-heading\" data-id=\"3992a99\" data-element_type=\"widget\" data-widget_type=\"heading.default\">\n\t\t\t\t<div class=\"elementor-widget-container\">\n\t\t\t\t\t<h1 class=\"elementor-heading-title elementor-size-default\">Na\u0161e usluge<\/h1>\t\t\t\t<\/div>\n\t\t\t\t<\/div>\n\t\t\t\t<div class=\"elementor-element elementor-element-d22bf66 elementor-widget elementor-widget-text-editor\" data-id=\"d22bf66\" data-element_type=\"widget\" data-widget_type=\"text-editor.default\">\n\t\t\t\t<div class=\"elementor-widget-container\">\n\t\t\t\t\t\t\t\t\t<p>Pru\u017eamo \u0161irok spektar IT usluga dizajniranih da osiguraju pouzdanost, sigurnost i optimalan rad va\u0161ih sustava. Otkrijte kako vam mo\u017eemo pomo\u0107i u postavljanju, odr\u017eavanju i unapre\u0111enju va\u0161e IT infrastrukture.<\/p>\t\t\t\t\t\t\t\t<\/div>\n\t\t\t\t<\/div>\n\t\t\t\t<\/div>\n\t\t<div class=\"elementor-element elementor-element-8aaf564 e-flex e-con-boxed e-con e-parent\" data-id=\"8aaf564\" data-element_type=\"container\">\n\t\t\t\t\t<div class=\"e-con-inner\">\n\t\t\t\t<div class=\"elementor-element elementor-element-c6a3831 elementor-widget elementor-widget-heading\" data-id=\"c6a3831\" data-element_type=\"widget\" data-widget_type=\"heading.default\">\n\t\t\t\t<div class=\"elementor-widget-container\">\n\t\t\t\t\t<h2 class=\"elementor-heading-title elementor-size-default\">Postavljanje i konfiguracija IT infrastrukture<\/h2>\t\t\t\t<\/div>\n\t\t\t\t<\/div>\n\t\t\t\t\t<\/div>\n\t\t\t\t<\/div>\n\t\t<div class=\"elementor-element elementor-element-b233f14 e-con-full e-flex e-con e-parent\" data-id=\"b233f14\" data-element_type=\"container\">\n\t\t<div class=\"elementor-element elementor-element-f2c93ff e-con-full e-flex e-con e-child\" data-id=\"f2c93ff\" data-element_type=\"container\">\n\t\t\t\t<div class=\"elementor-element elementor-element-f8d2bcd elementor-widget elementor-widget-image\" data-id=\"f8d2bcd\" data-element_type=\"widget\" data-widget_type=\"image.default\">\n\t\t\t\t<div class=\"elementor-widget-container\">\n\t\t\t\t\t\t\t\t\t\t\t\t\t\t\t<img fetchpriority=\"high\" decoding=\"async\" width=\"1024\" height=\"683\" src=\"https:\/\/smartbyte.hr\/wp-content\/uploads\/2025\/05\/pexels-photo-1024x683.webp\" class=\"attachment-large size-large wp-image-204\" alt=\"\" srcset=\"https:\/\/smartbyte.hr\/wp-content\/uploads\/2025\/05\/pexels-photo-1024x683.webp 1024w, https:\/\/smartbyte.hr\/wp-content\/uploads\/2025\/05\/pexels-photo-300x200.webp 300w, https:\/\/smartbyte.hr\/wp-content\/uploads\/2025\/05\/pexels-photo-768x512.webp 768w, https:\/\/smartbyte.hr\/wp-content\/uploads\/2025\/05\/pexels-photo.webp 1125w\" sizes=\"(max-width: 1024px) 100vw, 1024px\" \/>\t\t\t\t\t\t\t\t\t\t\t\t\t\t\t<\/div>\n\t\t\t\t<\/div>\n\t\t\t\t<\/div>\n\t\t<div class=\"elementor-element elementor-element-5e56d03 e-con-full e-flex e-con e-child\" data-id=\"5e56d03\" data-element_type=\"container\">\n\t\t\t\t<div class=\"elementor-element elementor-element-87ad6c7 elementor-widget elementor-widget-text-editor\" data-id=\"87ad6c7\" data-element_type=\"widget\" data-widget_type=\"text-editor.default\">\n\t\t\t\t<div class=\"elementor-widget-container\">\n\t\t\t\t\t\t\t\t\t<p><strong>Postavljanje servera (Windows\/Linux)<\/strong><br \/>Implementacija i konfiguracija serverskih sustava prilago\u0111enih va\u0161im poslovnim potrebama.<\/p><p class=\"my-0\"><strong>Konfiguracija mre\u017enih ure\u0111aja (switch, router, firewall)<\/strong><br \/>Postavljanje i pode\u0161avanje mre\u017enih ure\u0111aja radi sigurne i stabilne povezanosti unutar va\u0161e tvrtke.<\/p><p class=\"my-0\"><strong>Konfiguracija firewalla i antivirus rje\u0161enja<\/strong><br \/>Za\u0161tita va\u0161e mre\u017ee i podataka kroz napredne sigurnosne postavke i antivirusna rje\u0161enja.<\/p><p class=\"my-0\"><strong>Postavljanje backup rje\u0161enja<\/strong><br \/>Implementacija sigurnosnih kopija podataka za za\u0161titu od gubitka informacija.<\/p><p class=\"my-0\"><strong>Instalacija poslovnih aplikacija (npr. ERP, CRM)<\/strong><br \/>Ugradnja i optimizacija poslovnih softverskih rje\u0161enja za efikasnije poslovanje.<\/p>\t\t\t\t\t\t\t\t<\/div>\n\t\t\t\t<\/div>\n\t\t\t\t<\/div>\n\t\t\t\t<\/div>\n\t\t<div class=\"elementor-element elementor-element-5e655e2 e-con-full e-flex e-con e-parent\" data-id=\"5e655e2\" data-element_type=\"container\">\n\t\t\t\t<div class=\"elementor-element elementor-element-299c42a elementor-widget elementor-widget-heading\" data-id=\"299c42a\" data-element_type=\"widget\" data-widget_type=\"heading.default\">\n\t\t\t\t<div class=\"elementor-widget-container\">\n\t\t\t\t\t<h2 class=\"elementor-heading-title elementor-size-default\">Odr\u017eavanje i podr\u0161ka korisnicima<\/h2>\t\t\t\t<\/div>\n\t\t\t\t<\/div>\n\t\t<div class=\"elementor-element elementor-element-7df172e e-grid e-con-full e-con e-child\" data-id=\"7df172e\" data-element_type=\"container\">\n\t\t\t\t<div class=\"elementor-element elementor-element-a41df82 elementor-widget elementor-widget-text-editor\" data-id=\"a41df82\" data-element_type=\"widget\" data-widget_type=\"text-editor.default\">\n\t\t\t\t<div class=\"elementor-widget-container\">\n\t\t\t\t\t\t\t\t\t<p class=\"my-0\"><strong>Remote ili onsite podr\u0161ka korisnicima<\/strong><br \/>Brza pomo\u0107 i rje\u0161avanje problema na daljinu ili dolaskom na va\u0161u lokaciju.<\/p><p class=\"my-0\"><strong>Rje\u0161avanje problema s ra\u010dunalima, printerima, mre\u017eom<\/strong><br \/>Otklanjanje tehni\u010dkih pote\u0161ko\u0107a vezanih uz svakodnevni radni proces.<\/p><p class=\"my-0\"><strong>Pode\u0161avanje korisni\u010dkih naloga i emailova<\/strong><br \/>Kreiranje i upravljanje korisni\u010dkim ra\u010dunima i elektroni\u010dkom po\u0161tom.<\/p><p class=\"my-0\"><strong>Podr\u0161ka pri radu na daljinu (VPN, RDP)<\/strong><br \/>Omogu\u0107avanje sigurnog i u\u010dinkovitog rada izvan ureda putem VPN-a i udaljenog pristupa<\/p>\t\t\t\t\t\t\t\t<\/div>\n\t\t\t\t<\/div>\n\t\t\t\t<div class=\"elementor-element elementor-element-ed1a912 elementor-widget elementor-widget-image\" data-id=\"ed1a912\" data-element_type=\"widget\" data-widget_type=\"image.default\">\n\t\t\t\t<div class=\"elementor-widget-container\">\n\t\t\t\t\t\t\t\t\t\t\t\t\t\t\t<img decoding=\"async\" width=\"1024\" height=\"681\" src=\"https:\/\/smartbyte.hr\/wp-content\/uploads\/2025\/05\/pexels-ferarcosn-193057-1024x681.jpg\" class=\"attachment-large size-large wp-image-206\" alt=\"\" srcset=\"https:\/\/smartbyte.hr\/wp-content\/uploads\/2025\/05\/pexels-ferarcosn-193057-1024x681.jpg 1024w, https:\/\/smartbyte.hr\/wp-content\/uploads\/2025\/05\/pexels-ferarcosn-193057-300x199.jpg 300w, https:\/\/smartbyte.hr\/wp-content\/uploads\/2025\/05\/pexels-ferarcosn-193057-768x511.jpg 768w, https:\/\/smartbyte.hr\/wp-content\/uploads\/2025\/05\/pexels-ferarcosn-193057-1536x1021.jpg 1536w, https:\/\/smartbyte.hr\/wp-content\/uploads\/2025\/05\/pexels-ferarcosn-193057-2048x1362.jpg 2048w\" sizes=\"(max-width: 1024px) 100vw, 1024px\" \/>\t\t\t\t\t\t\t\t\t\t\t\t\t\t\t<\/div>\n\t\t\t\t<\/div>\n\t\t\t\t<\/div>\n\t\t\t\t<\/div>\n\t\t<div class=\"elementor-element elementor-element-c673176 e-con-full e-flex e-con e-parent\" data-id=\"c673176\" data-element_type=\"container\">\n\t\t\t\t<div class=\"elementor-element elementor-element-83db889 elementor-widget elementor-widget-heading\" data-id=\"83db889\" data-element_type=\"widget\" data-widget_type=\"heading.default\">\n\t\t\t\t<div class=\"elementor-widget-container\">\n\t\t\t\t\t<h2 class=\"elementor-heading-title elementor-size-default\">Sigurnost i upravljanje sustavom\u200b<\/h2>\t\t\t\t<\/div>\n\t\t\t\t<\/div>\n\t\t<div class=\"elementor-element elementor-element-264f75c e-grid e-con-full e-con e-child\" data-id=\"264f75c\" data-element_type=\"container\">\n\t\t\t\t<div class=\"elementor-element elementor-element-2a008ec elementor-widget elementor-widget-image\" data-id=\"2a008ec\" data-element_type=\"widget\" data-widget_type=\"image.default\">\n\t\t\t\t<div class=\"elementor-widget-container\">\n\t\t\t\t\t\t\t\t\t\t\t\t\t\t\t<img decoding=\"async\" src=\"https:\/\/images.pexels.com\/photos\/574070\/pexels-photo-574070.jpeg?auto=compress&#038;cs=tinysrgb&#038;w=1260&#038;h=750&#038;dpr=1\" title=\"\" alt=\"\" loading=\"lazy\" \/>\t\t\t\t\t\t\t\t\t\t\t\t\t\t\t<\/div>\n\t\t\t\t<\/div>\n\t\t\t\t<div class=\"elementor-element elementor-element-a799ade elementor-widget elementor-widget-text-editor\" data-id=\"a799ade\" data-element_type=\"widget\" data-widget_type=\"text-editor.default\">\n\t\t\t\t<div class=\"elementor-widget-container\">\n\t\t\t\t\t\t\t\t\t<p class=\"my-0\"><strong>Upravljanje pravima pristupa korisnicima<\/strong><br \/>Kontrola i dodjela prava pristupa za sigurnost i privatnost podataka.<\/p><p class=\"my-0\"><strong>Redovni update-i softvera i hardvera<\/strong><br \/>A\u017euriranje sustava radi stabilnosti, sigurnosti i boljih performansi.<\/p><p class=\"my-0\"><strong>Preventivni pregledi sistema<\/strong><br \/>Redovite provjere radi pravovremenog otkrivanja i sprje\u010davanja potencijalnih problema.<\/p><p class=\"my-0\"><strong>Monitoring performansi sistema<\/strong><br \/>Nadzor rada sustava za optimalne performanse i brzu reakciju na nepravilnosti.<\/p>\t\t\t\t\t\t\t\t<\/div>\n\t\t\t\t<\/div>\n\t\t\t\t<\/div>\n\t\t\t\t<\/div>\n\t\t<div class=\"elementor-element elementor-element-b92e749 e-con-full e-flex e-con e-parent\" data-id=\"b92e749\" data-element_type=\"container\">\n\t\t\t\t<div class=\"elementor-element elementor-element-4036495 elementor-widget elementor-widget-heading\" data-id=\"4036495\" data-element_type=\"widget\" data-widget_type=\"heading.default\">\n\t\t\t\t<div class=\"elementor-widget-container\">\n\t\t\t\t\t<h2 class=\"elementor-heading-title elementor-size-default\"> Savjetovanje i planiranje\u200b<\/h2>\t\t\t\t<\/div>\n\t\t\t\t<\/div>\n\t\t<div class=\"elementor-element elementor-element-0eb74d2 e-grid e-con-full e-con e-child\" data-id=\"0eb74d2\" data-element_type=\"container\">\n\t\t\t\t<div class=\"elementor-element elementor-element-dd723f6 elementor-widget elementor-widget-text-editor\" data-id=\"dd723f6\" data-element_type=\"widget\" data-widget_type=\"text-editor.default\">\n\t\t\t\t<div class=\"elementor-widget-container\">\n\t\t\t\t\t\t\t\t\t<p class=\"my-0\"><strong>Procjena trenutnog IT stanja<\/strong><br \/>Detaljna analiza va\u0161e postoje\u0107e IT infrastrukture i procesa.<\/p><p class=\"my-0\"><strong>Preporuke za nadogradnju\/opremu<\/strong><br \/>Savjeti za pobolj\u0161anje i modernizaciju va\u0161eg IT okru\u017eenja.<\/p><p class=\"my-0\"><strong>Planiranje IT bud\u017eeta<\/strong><br \/>Pomo\u0107 u planiranju tro\u0161kova i investicija u IT sektor.<\/p><p class=\"my-0\"><strong>Dokumentacija IT sistema<\/strong><br \/>Izrada i odr\u017eavanje tehni\u010dke dokumentacije radi lak\u0161eg upravljanja i budu\u0107ih nadogradnji.<\/p>\t\t\t\t\t\t\t\t<\/div>\n\t\t\t\t<\/div>\n\t\t\t\t<div class=\"elementor-element elementor-element-291a1e7 elementor-widget elementor-widget-image\" data-id=\"291a1e7\" data-element_type=\"widget\" data-widget_type=\"image.default\">\n\t\t\t\t<div class=\"elementor-widget-container\">\n\t\t\t\t\t\t\t\t\t\t\t\t\t\t\t<img decoding=\"async\" src=\"https:\/\/images.pexels.com\/photos\/7876379\/pexels-photo-7876379.jpeg?auto=compress&#038;cs=tinysrgb&#038;w=1260&#038;h=750&#038;dpr=1\" title=\"\" alt=\"\" loading=\"lazy\" \/>\t\t\t\t\t\t\t\t\t\t\t\t\t\t\t<\/div>\n\t\t\t\t<\/div>\n\t\t\t\t<\/div>\n\t\t\t\t<\/div>\n\t\t\t\t<\/div>\n\t\t","protected":false},"excerpt":{"rendered":"<p>Na\u0161e usluge Pru\u017eamo \u0161irok spektar IT usluga dizajniranih da osiguraju pouzdanost, sigurnost i optimalan rad va\u0161ih sustava. Otkrijte kako vam mo\u017eemo pomo\u0107i u postavljanju, odr\u017eavanju i unapre\u0111enju va\u0161e IT infrastrukture. Postavljanje i konfiguracija IT infrastrukture Postavljanje servera (Windows\/Linux)Implementacija i konfiguracija serverskih sustava prilago\u0111enih va\u0161im poslovnim potrebama. Konfiguracija mre\u017enih ure\u0111aja (switch, router, firewall)Postavljanje i pode\u0161avanje mre\u017enih &#8230; <a title=\"Usluge\" class=\"read-more\" href=\"https:\/\/smartbyte.hr\/index.php\/usluge\/\" aria-label=\"Read more about Usluge\">Read more<\/a><\/p>\n","protected":false},"author":1,"featured_media":0,"parent":0,"menu_order":0,"comment_status":"closed","ping_status":"closed","template":"","meta":{"footnotes":""},"class_list":["post-194","page","type-page","status-publish"],"_links":{"self":[{"href":"https:\/\/smartbyte.hr\/index.php\/wp-json\/wp\/v2\/pages\/194","targetHints":{"allow":["GET"]}}],"collection":[{"href":"https:\/\/smartbyte.hr\/index.php\/wp-json\/wp\/v2\/pages"}],"about":[{"href":"https:\/\/smartbyte.hr\/index.php\/wp-json\/wp\/v2\/types\/page"}],"author":[{"embeddable":true,"href":"https:\/\/smartbyte.hr\/index.php\/wp-json\/wp\/v2\/users\/1"}],"replies":[{"embeddable":true,"href":"https:\/\/smartbyte.hr\/index.php\/wp-json\/wp\/v2\/comments?post=194"}],"version-history":[{"count":40,"href":"https:\/\/smartbyte.hr\/index.php\/wp-json\/wp\/v2\/pages\/194\/revisions"}],"predecessor-version":[{"id":330,"href":"https:\/\/smartbyte.hr\/index.php\/wp-json\/wp\/v2\/pages\/194\/revisions\/330"}],"wp:attachment":[{"href":"https:\/\/smartbyte.hr\/index.php\/wp-json\/wp\/v2\/media?parent=194"}],"curies":[{"name":"wp","href":"https:\/\/api.w.org\/{rel}","templated":true}]}}