{"id":250,"date":"2025-05-10T18:57:24","date_gmt":"2025-05-10T18:57:24","guid":{"rendered":"https:\/\/smartbyte.hr\/?page_id=250"},"modified":"2025-05-13T20:09:29","modified_gmt":"2025-05-13T20:09:29","slug":"pocetna","status":"publish","type":"page","link":"https:\/\/smartbyte.hr\/","title":{"rendered":"Po\u010detna"},"content":{"rendered":"\t\t<div data-elementor-type=\"wp-page\" data-elementor-id=\"250\" class=\"elementor elementor-250\">\n\t\t\t\t<div class=\"elementor-element elementor-element-63673fe e-con-full e-flex e-con e-parent\" data-id=\"63673fe\" data-element_type=\"container\" data-settings=\"{&quot;background_background&quot;:&quot;classic&quot;}\">\n\t\t\t\t<div class=\"elementor-element elementor-element-54a08c3 elementor-widget elementor-widget-heading\" data-id=\"54a08c3\" data-element_type=\"widget\" data-widget_type=\"heading.default\">\n\t\t\t\t<div class=\"elementor-widget-container\">\n\t\t\t\t\t<h1 class=\"elementor-heading-title elementor-size-default\">Pouzdano odr\u017eavanje va\u0161ih sustava<\/h1>\t\t\t\t<\/div>\n\t\t\t\t<\/div>\n\t\t\t\t<div class=\"elementor-element elementor-element-a7bf0a5 elementor-widget elementor-widget-text-editor\" data-id=\"a7bf0a5\" data-element_type=\"widget\" data-widget_type=\"text-editor.default\">\n\t\t\t\t<div class=\"elementor-widget-container\">\n\t\t\t\t\t\t\t\t\t<h3>Osigurajte besprijekoran rad i dugovje\u010dnost svojih IT rje\u0161enja uz na\u0161u stru\u010dnu podr\u0161ku i brzu intervenciju.<\/h3>\t\t\t\t\t\t\t\t<\/div>\n\t\t\t\t<\/div>\n\t\t\t\t<div class=\"elementor-element elementor-element-6ff6f80 elementor-align-center elementor-widget elementor-widget-button\" data-id=\"6ff6f80\" data-element_type=\"widget\" data-widget_type=\"button.default\">\n\t\t\t\t<div class=\"elementor-widget-container\">\n\t\t\t\t\t\t\t\t\t<div class=\"elementor-button-wrapper\">\n\t\t\t\t\t<a class=\"elementor-button elementor-button-link elementor-size-sm\" href=\"https:\/\/smartbyte.hr\/index.php\/contact\/\">\n\t\t\t\t\t\t<span class=\"elementor-button-content-wrapper\">\n\t\t\t\t\t\t\t\t\t<span class=\"elementor-button-text\">Kontaktiraj nas!<\/span>\n\t\t\t\t\t<\/span>\n\t\t\t\t\t<\/a>\n\t\t\t\t<\/div>\n\t\t\t\t\t\t\t\t<\/div>\n\t\t\t\t<\/div>\n\t\t\t\t<\/div>\n\t\t<div class=\"elementor-element elementor-element-fdff3c4 e-grid e-con-boxed e-con e-parent\" data-id=\"fdff3c4\" data-element_type=\"container\">\n\t\t\t\t\t<div class=\"e-con-inner\">\n\t\t<div class=\"elementor-element elementor-element-ca3058d e-con-full e-flex e-con e-child\" data-id=\"ca3058d\" data-element_type=\"container\">\n\t\t\t\t<div class=\"elementor-element elementor-element-15a5973 elementor-widget elementor-widget-heading\" data-id=\"15a5973\" data-element_type=\"widget\" data-widget_type=\"heading.default\">\n\t\t\t\t<div class=\"elementor-widget-container\">\n\t\t\t\t\t<h2 class=\"elementor-heading-title elementor-size-default\">Individualni pristup svakom klijentu<\/h2>\t\t\t\t<\/div>\n\t\t\t\t<\/div>\n\t\t\t\t<div class=\"elementor-element elementor-element-ab92acc elementor-view-default elementor-widget elementor-widget-icon\" data-id=\"ab92acc\" data-element_type=\"widget\" data-widget_type=\"icon.default\">\n\t\t\t\t<div class=\"elementor-widget-container\">\n\t\t\t\t\t\t\t<div class=\"elementor-icon-wrapper\">\n\t\t\t<div class=\"elementor-icon\">\n\t\t\t<i aria-hidden=\"true\" class=\"xi xi-profile\"><\/i>\t\t\t<\/div>\n\t\t<\/div>\n\t\t\t\t\t\t<\/div>\n\t\t\t\t<\/div>\n\t\t\t\t<div class=\"elementor-element elementor-element-fcc531d elementor-widget elementor-widget-text-editor\" data-id=\"fcc531d\" data-element_type=\"widget\" data-widget_type=\"text-editor.default\">\n\t\t\t\t<div class=\"elementor-widget-container\">\n\t\t\t\t\t\t\t\t\t<p>Razumijemo potrebe va\u0161eg poslovanja i prilago\u0111avamo IT rje\u0161enja kako bismo osigurali maksimalnu u\u010dinkovitost.<\/p>\t\t\t\t\t\t\t\t<\/div>\n\t\t\t\t<\/div>\n\t\t\t\t<\/div>\n\t\t<div class=\"elementor-element elementor-element-63de6d9 e-con-full e-flex e-con e-child\" data-id=\"63de6d9\" data-element_type=\"container\">\n\t\t\t\t<div class=\"elementor-element elementor-element-7adb499 elementor-widget elementor-widget-heading\" data-id=\"7adb499\" data-element_type=\"widget\" data-widget_type=\"heading.default\">\n\t\t\t\t<div class=\"elementor-widget-container\">\n\t\t\t\t\t<h2 class=\"elementor-heading-title elementor-size-default\"> Pra\u0107enje najnovijih tehnologija<\/h2>\t\t\t\t<\/div>\n\t\t\t\t<\/div>\n\t\t\t\t<div class=\"elementor-element elementor-element-1b43ad9 elementor-view-default elementor-widget elementor-widget-icon\" data-id=\"1b43ad9\" data-element_type=\"widget\" data-widget_type=\"icon.default\">\n\t\t\t\t<div class=\"elementor-widget-container\">\n\t\t\t\t\t\t\t<div class=\"elementor-icon-wrapper\">\n\t\t\t<div class=\"elementor-icon\">\n\t\t\t<i aria-hidden=\"true\" class=\"xi xi-desktop\"><\/i>\t\t\t<\/div>\n\t\t<\/div>\n\t\t\t\t\t\t<\/div>\n\t\t\t\t<\/div>\n\t\t\t\t<div class=\"elementor-element elementor-element-5b23431 elementor-widget elementor-widget-text-editor\" data-id=\"5b23431\" data-element_type=\"widget\" data-widget_type=\"text-editor.default\">\n\t\t\t\t<div class=\"elementor-widget-container\">\n\t\t\t\t\t\t\t\t\t<p>Kontinuirano pratimo tehnolo\u0161ke trendove i inovacije kako bismo vam ponudili najsuvremenija i najefikasnija rje\u0161enja<\/p>\t\t\t\t\t\t\t\t<\/div>\n\t\t\t\t<\/div>\n\t\t\t\t<\/div>\n\t\t<div class=\"elementor-element elementor-element-8d67719 e-con-full e-flex e-con e-child\" data-id=\"8d67719\" data-element_type=\"container\">\n\t\t\t\t<div class=\"elementor-element elementor-element-5f0e607 elementor-widget elementor-widget-heading\" data-id=\"5f0e607\" data-element_type=\"widget\" data-widget_type=\"heading.default\">\n\t\t\t\t<div class=\"elementor-widget-container\">\n\t\t\t\t\t<h2 class=\"elementor-heading-title elementor-size-default\">Pouzdanost i sigurnost sustava<\/h2>\t\t\t\t<\/div>\n\t\t\t\t<\/div>\n\t\t\t\t<div class=\"elementor-element elementor-element-98c3544 elementor-view-default elementor-widget elementor-widget-icon\" data-id=\"98c3544\" data-element_type=\"widget\" data-widget_type=\"icon.default\">\n\t\t\t\t<div class=\"elementor-widget-container\">\n\t\t\t\t\t\t\t<div class=\"elementor-icon-wrapper\">\n\t\t\t<div class=\"elementor-icon\">\n\t\t\t<i aria-hidden=\"true\" class=\"xi xi-shield\"><\/i>\t\t\t<\/div>\n\t\t<\/div>\n\t\t\t\t\t\t<\/div>\n\t\t\t\t<\/div>\n\t\t\t\t<div class=\"elementor-element elementor-element-4ba84cc elementor-widget elementor-widget-text-editor\" data-id=\"4ba84cc\" data-element_type=\"widget\" data-widget_type=\"text-editor.default\">\n\t\t\t\t<div class=\"elementor-widget-container\">\n\t\t\t\t\t\t\t\t\t<p>Va\u0161a IT infrastruktura je u sigurnim rukama \u2013 jam\u010dimo stabilan rad i za\u0161titu podataka kroz kvalitetno odr\u017eavanje i brzu intervenciju.<\/p>\t\t\t\t\t\t\t\t<\/div>\n\t\t\t\t<\/div>\n\t\t\t\t<\/div>\n\t\t\t\t\t<\/div>\n\t\t\t\t<\/div>\n\t\t<div class=\"elementor-element elementor-element-f226752 e-flex e-con-boxed e-con e-parent\" data-id=\"f226752\" data-element_type=\"container\">\n\t\t\t\t\t<div class=\"e-con-inner\">\n\t\t<div class=\"elementor-element elementor-element-e28aee4 e-con-full e-flex e-con e-child\" data-id=\"e28aee4\" data-element_type=\"container\">\n\t\t\t\t<div class=\"elementor-element elementor-element-c65fa7c elementor-widget elementor-widget-image\" data-id=\"c65fa7c\" data-element_type=\"widget\" data-widget_type=\"image.default\">\n\t\t\t\t<div class=\"elementor-widget-container\">\n\t\t\t\t\t\t\t\t\t\t\t\t\t\t\t<img fetchpriority=\"high\" decoding=\"async\" width=\"1024\" height=\"684\" src=\"https:\/\/smartbyte.hr\/wp-content\/uploads\/2025\/05\/pexels-cookiecutter-17323801-scaled.jpg\" class=\"attachment-large size-large wp-image-227\" alt=\"\" srcset=\"https:\/\/smartbyte.hr\/wp-content\/uploads\/2025\/05\/pexels-cookiecutter-17323801-scaled.jpg 2560w, https:\/\/smartbyte.hr\/wp-content\/uploads\/2025\/05\/pexels-cookiecutter-17323801-300x200.jpg 300w\" sizes=\"(max-width: 1024px) 100vw, 1024px\" \/>\t\t\t\t\t\t\t\t\t\t\t\t\t\t\t<\/div>\n\t\t\t\t<\/div>\n\t\t\t\t<\/div>\n\t\t<div class=\"elementor-element elementor-element-8fa6793 e-con-full e-flex e-con e-child\" data-id=\"8fa6793\" data-element_type=\"container\">\n\t\t<div class=\"elementor-element elementor-element-48bbc3b e-con-full e-flex e-con e-child\" data-id=\"48bbc3b\" data-element_type=\"container\">\n\t\t\t\t<div class=\"elementor-element elementor-element-3f84e44 elementor-widget elementor-widget-heading\" data-id=\"3f84e44\" data-element_type=\"widget\" data-widget_type=\"heading.default\">\n\t\t\t\t<div class=\"elementor-widget-container\">\n\t\t\t\t\t<h2 class=\"elementor-heading-title elementor-size-default\">Briga o va\u0161em IT sustavu \u2013 na\u0161a misija<\/h2>\t\t\t\t<\/div>\n\t\t\t\t<\/div>\n\t\t\t\t<div class=\"elementor-element elementor-element-8e884cf elementor-widget elementor-widget-text-editor\" data-id=\"8e884cf\" data-element_type=\"widget\" data-widget_type=\"text-editor.default\">\n\t\t\t\t<div class=\"elementor-widget-container\">\n\t\t\t\t\t\t\t\t\t<p>Va\u0161 IT sustav je srce poslovanja, stoga mu treba posvetiti posebnu pa\u017enju i stru\u010dnu njegu.<\/p><p>U SmartByte-u razumijemo koliko je va\u017eno da va\u0161a infrastruktura radi besprijekorno, bez zastoja i sigurnosnih prijetnji.<\/p><p>Zato nudimo cjelovita rje\u0161enja za odr\u017eavanje, podr\u0161ku i optimizaciju sustava, kako biste se vi mogli usredoto\u010diti na rast i razvoj svog poslovanja bez brige o tehnologiji.<\/p>\t\t\t\t\t\t\t\t<\/div>\n\t\t\t\t<\/div>\n\t\t\t\t<\/div>\n\t\t\t\t<\/div>\n\t\t\t\t\t<\/div>\n\t\t\t\t<\/div>\n\t\t\t\t<\/div>\n\t\t","protected":false},"excerpt":{"rendered":"<p>Pouzdano odr\u017eavanje va\u0161ih sustava Osigurajte besprijekoran rad i dugovje\u010dnost svojih IT rje\u0161enja uz na\u0161u stru\u010dnu podr\u0161ku i brzu intervenciju. Kontaktiraj nas! Individualni pristup svakom klijentu Razumijemo potrebe va\u0161eg poslovanja i prilago\u0111avamo IT rje\u0161enja kako bismo osigurali maksimalnu u\u010dinkovitost. Pra\u0107enje najnovijih tehnologija Kontinuirano pratimo tehnolo\u0161ke trendove i inovacije kako bismo vam ponudili najsuvremenija i najefikasnija rje\u0161enja &#8230; <a title=\"Po\u010detna\" class=\"read-more\" href=\"https:\/\/smartbyte.hr\/\" aria-label=\"Read more about Po\u010detna\">Read more<\/a><\/p>\n","protected":false},"author":1,"featured_media":0,"parent":0,"menu_order":0,"comment_status":"closed","ping_status":"closed","template":"","meta":{"footnotes":""},"class_list":["post-250","page","type-page","status-publish"],"_links":{"self":[{"href":"https:\/\/smartbyte.hr\/index.php\/wp-json\/wp\/v2\/pages\/250","targetHints":{"allow":["GET"]}}],"collection":[{"href":"https:\/\/smartbyte.hr\/index.php\/wp-json\/wp\/v2\/pages"}],"about":[{"href":"https:\/\/smartbyte.hr\/index.php\/wp-json\/wp\/v2\/types\/page"}],"author":[{"embeddable":true,"href":"https:\/\/smartbyte.hr\/index.php\/wp-json\/wp\/v2\/users\/1"}],"replies":[{"embeddable":true,"href":"https:\/\/smartbyte.hr\/index.php\/wp-json\/wp\/v2\/comments?post=250"}],"version-history":[{"count":24,"href":"https:\/\/smartbyte.hr\/index.php\/wp-json\/wp\/v2\/pages\/250\/revisions"}],"predecessor-version":[{"id":348,"href":"https:\/\/smartbyte.hr\/index.php\/wp-json\/wp\/v2\/pages\/250\/revisions\/348"}],"wp:attachment":[{"href":"https:\/\/smartbyte.hr\/index.php\/wp-json\/wp\/v2\/media?parent=250"}],"curies":[{"name":"wp","href":"https:\/\/api.w.org\/{rel}","templated":true}]}}